{"id":680,"date":"2013-10-06T14:23:24","date_gmt":"2013-10-06T12:23:24","guid":{"rendered":"http:\/\/localhost:8080\/saison-dhiver\/"},"modified":"2013-10-06T14:23:24","modified_gmt":"2013-10-06T12:23:24","slug":"saison-dhiver","status":"publish","type":"page","link":"https:\/\/hotel-cuntera.ch\/fr\/loisirs\/saison-dhiver\/","title":{"rendered":"Saison d`hiver"},"content":{"rendered":"<h3>Bien s\u00fbr nous ne pouvons pas vous garantir que du beau temps, mais la neige immacul\u00e9e le bleu profond du ciel\u00a0 \u00e0 une altitude de 1400 m vous\u00a0 consoleront de tout.<\/h3>\n\t\r\n\t\t\r\n\t<div id=\"meteor-slideshowwinter\" class=\"meteor-slides winter navprevnext { next: '#meteor-nextwinter', prev: '#meteor-prevwinter', pager: '#meteor-buttonswinter' }\">\r\n\t\r\n\t\t\t\r\n\t\t\t\r\n\t\t\t<ul class=\"meteor-nav\">\r\n\t\t\r\n\t\t\t\t<li id=\"meteor-prevwinter\" class=\"prev\"><a href=\"#prev\">Previous<\/a><\/li>\r\n\t\t\t\r\n\t\t\t\t<li id=\"meteor-nextwinter\" class=\"next\"><a href=\"#next\">Next<\/a><\/li>\r\n\t\t\t\r\n\t\t\t<\/ul><!-- .meteor-nav -->\r\n\t\t\r\n\t\t\t\t\r\n\t\t\t\r\n\t\t<div class=\"meteor-clip\">\r\n\t\r\n\t\t\t\t\r\n\t\t\t<img decoding=\"async\" style=\"visibility: hidden;\" class=\"meteor-shim\" src=\"https:\/\/hotel-cuntera.ch\/wp-content\/uploads\/2014\/01\/IMG_2250.jpg\" alt=\"\" \/>\r\n\t\t\t<div class=\"mslide mslide-1\">\r\n\t\t\t\t\r\n\t\t\t\t\t\t\t\t\t\r\n\t\t\t\t\t<img loading=\"lazy\" decoding=\"async\" width=\"801\" height=\"534\" src=\"https:\/\/hotel-cuntera.ch\/wp-content\/uploads\/2014\/01\/IMG_2250.jpg\" class=\"attachment-featured-slide size-featured-slide wp-post-image\" alt=\"\" title=\"Strasse Winter\" srcset=\"https:\/\/hotel-cuntera.ch\/wp-content\/uploads\/2014\/01\/IMG_2250.jpg 1500w, https:\/\/hotel-cuntera.ch\/wp-content\/uploads\/2014\/01\/IMG_2250-300x200.jpg 300w, https:\/\/hotel-cuntera.ch\/wp-content\/uploads\/2014\/01\/IMG_2250-1024x682.jpg 1024w\" sizes=\"(max-width: 801px) 100vw, 801px\" \/>\t\t\t\t\t\r\n\t\t\t\t\t\t\t\r\n\t\t\t<\/div><!-- .mslide -->\r\n\t\t\t\r\n\t\t\t\t\t\t\r\n\t\t\t\t\r\n\t\t\t\r\n\t\t\t<div class=\"mslide mslide-2\">\r\n\t\t\t\t\r\n\t\t\t\t\t\t\t\t\t\r\n\t\t\t\t\t<img loading=\"lazy\" decoding=\"async\" width=\"801\" height=\"534\" src=\"https:\/\/hotel-cuntera.ch\/wp-content\/uploads\/2014\/02\/IMG_2254_bearbeitet-801x534.jpg\" class=\"attachment-featured-slide size-featured-slide wp-post-image\" alt=\"\" title=\"Pez Muraun Winter\" srcset=\"https:\/\/hotel-cuntera.ch\/wp-content\/uploads\/2014\/02\/IMG_2254_bearbeitet-801x534.jpg 801w, https:\/\/hotel-cuntera.ch\/wp-content\/uploads\/2014\/02\/IMG_2254_bearbeitet-300x200.jpg 300w, https:\/\/hotel-cuntera.ch\/wp-content\/uploads\/2014\/02\/IMG_2254_bearbeitet-1024x682.jpg 1024w, https:\/\/hotel-cuntera.ch\/wp-content\/uploads\/2014\/02\/IMG_2254_bearbeitet-250x166.jpg 250w, https:\/\/hotel-cuntera.ch\/wp-content\/uploads\/2014\/02\/IMG_2254_bearbeitet.jpg 1500w\" sizes=\"(max-width: 801px) 100vw, 801px\" \/>\t\t\t\t\t\r\n\t\t\t\t\t\t\t\r\n\t\t\t<\/div><!-- .mslide -->\r\n\t\t\t\r\n\t\t\t\t\t\t\r\n\t\t\t\t\r\n\t\t\t\r\n\t\t\t<div class=\"mslide mslide-3\">\r\n\t\t\t\t\r\n\t\t\t\t\t\t\t\t\t\r\n\t\t\t\t\t<img loading=\"lazy\" decoding=\"async\" width=\"801\" height=\"534\" src=\"https:\/\/hotel-cuntera.ch\/wp-content\/uploads\/2014\/01\/IMG_2247.jpg\" class=\"attachment-featured-slide size-featured-slide wp-post-image\" alt=\"\" title=\"Cuntera Winter\" srcset=\"https:\/\/hotel-cuntera.ch\/wp-content\/uploads\/2014\/01\/IMG_2247.jpg 1500w, https:\/\/hotel-cuntera.ch\/wp-content\/uploads\/2014\/01\/IMG_2247-300x200.jpg 300w, https:\/\/hotel-cuntera.ch\/wp-content\/uploads\/2014\/01\/IMG_2247-1024x682.jpg 1024w\" sizes=\"(max-width: 801px) 100vw, 801px\" \/>\t\t\t\t\t\r\n\t\t\t\t\t\t\t\r\n\t\t\t<\/div><!-- .mslide -->\r\n\t\t\t\r\n\t\t\t\t\t\t\r\n\t\t\t\t\r\n\t\t<\/div><!-- .meteor-clip -->\r\n\t\t\t\t\r\n\t\t\t\t\t\r\n\t<\/div><!-- .meteor-slides -->\r\n\t\r\n\t\n<p>Les stations de skis de Disentis (15 minutes en voiture) et de Sedrun\u00a0 (25 minutes en voiture) vous attendent avec leurs pistes de skis et de snowboard parfaitement pr\u00e9par\u00e9es.La vall\u00e9e de Medel est un lieu\u00a0 s\u00e9duisant pour des randonn\u00e9es de skis o\u00f9 de raquettes plus longues o\u00f9 plus courtes selon votre condition physique, que vous pouvez entreprendre\u00a0 pratiquement au pas de la porte. Vous pouvez louer les raquettes \u00e0 la r\u00e9ception de l\u2019h\u00f4tel. Au dessus du village de Curaglia une piste pr\u00e9par\u00e9e pour luger est \u00e0 votre disposition.\u00a0 Nous serons heureux d\u2019organiser une randonn\u00e9e de raquettes aux flambeaux (pour un groupe d\u2019au moins 8 personnes) avec un arr\u00eat vin chaud dans le refuge des sorci\u00e8res\u00a0(Hexenh\u00fcsli). Aussi en hiver, nous vous recommandons de faire une excursion dans le Tessin. L\u2019acc\u00e8s \u00e0 notre vall\u00e9e\u00a0 par le col de l\u2019Oberalp est en hiver possible que par le train de voiture et que pendant la journ\u00e9e. <iframe loading=\"lazy\" src=\"\/\/player.vimeo.com\/video\/36237005?byline=0&amp;portrait=0&amp;color=4a96cb\" width=\"800\" height=\"450\" frameborder=\"0\" allowfullscreen=\"allowfullscreen\"><\/iframe><\/p>\n","protected":false},"excerpt":{"rendered":"<p>Bien s\u00fbr nous ne pouvons pas vous garantir que du beau temps, mais la neige immacul\u00e9e le bleu profond du ciel\u00a0 \u00e0 une altitude de 1400 m vous\u00a0 consoleront de tout. Les stations de skis de Disentis (15 minutes en voiture) et de Sedrun\u00a0 (25 minutes en voiture) vous attendent avec leurs pistes de skis [&hellip;]<\/p>\n","protected":false},"author":1,"featured_media":0,"parent":644,"menu_order":0,"comment_status":"open","ping_status":"open","template":"","meta":{"footnotes":""},"class_list":["post-680","page","type-page","status-publish","hentry"],"_links":{"self":[{"href":"https:\/\/hotel-cuntera.ch\/fr\/wp-json\/wp\/v2\/pages\/680"}],"collection":[{"href":"https:\/\/hotel-cuntera.ch\/fr\/wp-json\/wp\/v2\/pages"}],"about":[{"href":"https:\/\/hotel-cuntera.ch\/fr\/wp-json\/wp\/v2\/types\/page"}],"author":[{"embeddable":true,"href":"https:\/\/hotel-cuntera.ch\/fr\/wp-json\/wp\/v2\/users\/1"}],"replies":[{"embeddable":true,"href":"https:\/\/hotel-cuntera.ch\/fr\/wp-json\/wp\/v2\/comments?post=680"}],"version-history":[{"count":0,"href":"https:\/\/hotel-cuntera.ch\/fr\/wp-json\/wp\/v2\/pages\/680\/revisions"}],"up":[{"embeddable":true,"href":"https:\/\/hotel-cuntera.ch\/fr\/wp-json\/wp\/v2\/pages\/644"}],"wp:attachment":[{"href":"https:\/\/hotel-cuntera.ch\/fr\/wp-json\/wp\/v2\/media?parent=680"}],"curies":[{"name":"wp","href":"https:\/\/api.w.org\/{rel}","templated":true}]}}