{"id":676,"date":"2013-10-06T14:22:59","date_gmt":"2013-10-06T12:22:59","guid":{"rendered":"http:\/\/localhost:8080\/lete\/"},"modified":"2020-10-18T15:02:52","modified_gmt":"2020-10-18T13:02:52","slug":"lete","status":"publish","type":"page","link":"https:\/\/hotel-cuntera.ch\/fr\/loisirs\/lete\/","title":{"rendered":"L\u2019\u00e9t\u00e9"},"content":{"rendered":"<h3>La beaut\u00e9 naturelle de notre vall\u00e9e montagnarde,va vous impressionner durablement. D\u00e9couvrez notre belle vall\u00e9e avec son r\u00e9seau de plus de 100 km de sentiers en faisant de belles randonn\u00e9es.<\/h3>\n<p>Entre mai et septembre, vous avez la possibilit\u00e9 d\u2019aller \u00e0 la p\u00eache, d\u2019extraire des cristaux, faire du mountainbike, de vous promener sur le sentiers des sens, mais aussi de tirer parti de l\u2019isolement que vous procure ce cadre id\u00e9al pour un s\u00e9minaire. Une grande aire de jeu rendra heureux&nbsp; vos enfants, juste au bord du Rhin ant\u00e9rieur \u00e0 moins de 1 km , avec la possibilt\u00e9 de grillade soit sur la place de jeu o\u00f9 alors en hauteur avec une vue spectaculaire sur les cha\u00eenes des montagnes environnantes.<\/p>\n<p>Apr\u00e8s votre randonn\u00e9es nous vous offrons un app\u00e9ritiv sur notre terrasse ensoleill\u00e9e.<\/p>\n","protected":false},"excerpt":{"rendered":"<p>La beaut\u00e9 naturelle de notre vall\u00e9e montagnarde,va vous impressionner durablement. D\u00e9couvrez notre belle vall\u00e9e avec son r\u00e9seau de plus de 100 km de sentiers en faisant de belles randonn\u00e9es. Entre mai et septembre, vous avez la possibilit\u00e9 d\u2019aller \u00e0 la p\u00eache, d\u2019extraire des cristaux, faire du mountainbike, de vous promener sur le sentiers des sens, [&hellip;]<\/p>\n","protected":false},"author":1,"featured_media":0,"parent":644,"menu_order":0,"comment_status":"open","ping_status":"open","template":"","meta":{"footnotes":""},"class_list":["post-676","page","type-page","status-publish","hentry"],"_links":{"self":[{"href":"https:\/\/hotel-cuntera.ch\/fr\/wp-json\/wp\/v2\/pages\/676"}],"collection":[{"href":"https:\/\/hotel-cuntera.ch\/fr\/wp-json\/wp\/v2\/pages"}],"about":[{"href":"https:\/\/hotel-cuntera.ch\/fr\/wp-json\/wp\/v2\/types\/page"}],"author":[{"embeddable":true,"href":"https:\/\/hotel-cuntera.ch\/fr\/wp-json\/wp\/v2\/users\/1"}],"replies":[{"embeddable":true,"href":"https:\/\/hotel-cuntera.ch\/fr\/wp-json\/wp\/v2\/comments?post=676"}],"version-history":[{"count":1,"href":"https:\/\/hotel-cuntera.ch\/fr\/wp-json\/wp\/v2\/pages\/676\/revisions"}],"predecessor-version":[{"id":714,"href":"https:\/\/hotel-cuntera.ch\/fr\/wp-json\/wp\/v2\/pages\/676\/revisions\/714"}],"up":[{"embeddable":true,"href":"https:\/\/hotel-cuntera.ch\/fr\/wp-json\/wp\/v2\/pages\/644"}],"wp:attachment":[{"href":"https:\/\/hotel-cuntera.ch\/fr\/wp-json\/wp\/v2\/media?parent=676"}],"curies":[{"name":"wp","href":"https:\/\/api.w.org\/{rel}","templated":true}]}}