{"id":656,"date":"2013-09-24T23:46:01","date_gmt":"2013-09-24T21:46:01","guid":{"rendered":"http:\/\/localhost:8080\/refuge\/"},"modified":"2013-09-24T23:46:01","modified_gmt":"2013-09-24T21:46:01","slug":"refuge","status":"publish","type":"page","link":"https:\/\/hotel-cuntera.ch\/fr\/refuge\/","title":{"rendered":"Refuge"},"content":{"rendered":"<h3>Tr\u00e8s certainement, vous n\u2019allez pas rencontrer l\u2019Alp\u00f6hi dans un de nos refuges comme Heidi et Peter dans l\u2019histoire de Johanna Spyri., mais si vous voulez passer une o\u00f9 plusieurs semaines dans cette atmosph\u00e8re, alors vous serez au bon endroit chez nous!<\/h3>\n<p>Pour des vacances tranquilles, loin du man\u00e8ge touristique, nous vous poroposons nos deux refuges \u201eHexenh\u00fcsli\u201c(refuge des sorci\u00e8res).<\/p>\n","protected":false},"excerpt":{"rendered":"<p>Tr\u00e8s certainement, vous n\u2019allez pas rencontrer l\u2019Alp\u00f6hi dans un de nos refuges comme Heidi et Peter dans l\u2019histoire de Johanna Spyri., mais si vous voulez passer une o\u00f9 plusieurs semaines dans cette atmosph\u00e8re, alors vous serez au bon endroit chez nous! Pour des vacances tranquilles, loin du man\u00e8ge touristique, nous vous poroposons nos deux refuges [&hellip;]<\/p>\n","protected":false},"author":1,"featured_media":0,"parent":0,"menu_order":1,"comment_status":"open","ping_status":"open","template":"","meta":{"footnotes":""},"class_list":["post-656","page","type-page","status-publish","hentry"],"_links":{"self":[{"href":"https:\/\/hotel-cuntera.ch\/fr\/wp-json\/wp\/v2\/pages\/656"}],"collection":[{"href":"https:\/\/hotel-cuntera.ch\/fr\/wp-json\/wp\/v2\/pages"}],"about":[{"href":"https:\/\/hotel-cuntera.ch\/fr\/wp-json\/wp\/v2\/types\/page"}],"author":[{"embeddable":true,"href":"https:\/\/hotel-cuntera.ch\/fr\/wp-json\/wp\/v2\/users\/1"}],"replies":[{"embeddable":true,"href":"https:\/\/hotel-cuntera.ch\/fr\/wp-json\/wp\/v2\/comments?post=656"}],"version-history":[{"count":0,"href":"https:\/\/hotel-cuntera.ch\/fr\/wp-json\/wp\/v2\/pages\/656\/revisions"}],"wp:attachment":[{"href":"https:\/\/hotel-cuntera.ch\/fr\/wp-json\/wp\/v2\/media?parent=656"}],"curies":[{"name":"wp","href":"https:\/\/api.w.org\/{rel}","templated":true}]}}