{"id":644,"date":"2013-09-24T23:44:25","date_gmt":"2013-09-24T21:44:25","guid":{"rendered":"http:\/\/localhost:8080\/loisirs\/"},"modified":"2020-10-18T15:01:59","modified_gmt":"2020-10-18T13:01:59","slug":"loisirs","status":"publish","type":"page","link":"https:\/\/hotel-cuntera.ch\/fr\/loisirs\/","title":{"rendered":"Loisirs"},"content":{"rendered":"<h3>Savourer la nature \u00e0 l\u2019\u00e9tat pur, d\u00e9couvrer des sentiers de randonn\u00e9es \u00e0 pieds, en skis o\u00f9 en raquettes et croiser un \u00e9cureuil, un chevreuil o\u00f9 un cerf ! La vall\u00e9e de Medel vous propose plein&nbsp;de possibilit\u00e9s pour vos loisirs.<\/h3>\n<p>Organisez un s\u00e9jour actif dans le calme serein de la nature, pour une grande qualit\u00e9 de repos voil\u00e0 le m\u00e9lange \u00e9quilibr\u00e9 que vous trouverez dans la vall\u00e9e de Medel.&nbsp; Un r\u00e9seau de sentiers signal\u00e9 par de nombreux panneaux indicateurs pour vos randonn\u00e9es , un parc d\u2019escalade pas loin de Curaglia, un t\u00e9l\u00e9ph\u00e9rique, une petite piscine couverte, une sauna \u00e0 Disentis \u00e0 seulement 15 minutes d\u2019ici, o\u00f9 bien une excursion au Tessin,ou en Glacier Express seront une distraction bienvenue pendant&nbsp; vos vacances d\u00e9lassantes.<\/p>\n","protected":false},"excerpt":{"rendered":"<p>Savourer la nature \u00e0 l\u2019\u00e9tat pur, d\u00e9couvrer des sentiers de randonn\u00e9es \u00e0 pieds, en skis o\u00f9 en raquettes et croiser un \u00e9cureuil, un chevreuil o\u00f9 un cerf ! La vall\u00e9e de Medel vous propose plein&nbsp;de possibilit\u00e9s pour vos loisirs. Organisez un s\u00e9jour actif dans le calme serein de la nature, pour une grande qualit\u00e9 de [&hellip;]<\/p>\n","protected":false},"author":1,"featured_media":0,"parent":0,"menu_order":0,"comment_status":"open","ping_status":"open","template":"","meta":{"footnotes":""},"class_list":["post-644","page","type-page","status-publish","hentry"],"_links":{"self":[{"href":"https:\/\/hotel-cuntera.ch\/fr\/wp-json\/wp\/v2\/pages\/644"}],"collection":[{"href":"https:\/\/hotel-cuntera.ch\/fr\/wp-json\/wp\/v2\/pages"}],"about":[{"href":"https:\/\/hotel-cuntera.ch\/fr\/wp-json\/wp\/v2\/types\/page"}],"author":[{"embeddable":true,"href":"https:\/\/hotel-cuntera.ch\/fr\/wp-json\/wp\/v2\/users\/1"}],"replies":[{"embeddable":true,"href":"https:\/\/hotel-cuntera.ch\/fr\/wp-json\/wp\/v2\/comments?post=644"}],"version-history":[{"count":1,"href":"https:\/\/hotel-cuntera.ch\/fr\/wp-json\/wp\/v2\/pages\/644\/revisions"}],"predecessor-version":[{"id":710,"href":"https:\/\/hotel-cuntera.ch\/fr\/wp-json\/wp\/v2\/pages\/644\/revisions\/710"}],"wp:attachment":[{"href":"https:\/\/hotel-cuntera.ch\/fr\/wp-json\/wp\/v2\/media?parent=644"}],"curies":[{"name":"wp","href":"https:\/\/api.w.org\/{rel}","templated":true}]}}