{"id":655,"date":"2013-09-24T23:46:01","date_gmt":"2013-09-24T21:46:01","guid":{"rendered":"http:\/\/localhost:8080\/lodges-in-the-pure-nature\/"},"modified":"2013-09-24T23:46:01","modified_gmt":"2013-09-24T21:46:01","slug":"lodges-in-the-pure-nature","status":"publish","type":"page","link":"https:\/\/hotel-cuntera.ch\/en\/lodges-in-the-pure-nature\/","title":{"rendered":"Lodges in the pure nature"},"content":{"rendered":"<h3>Perhapes you would not find the Alp\u00f6hi, but if you want to spend your holidays like Heidi and Peter ( you know the story from Johanna Spyri?) you\u2019re really right in our huts Bienenh\u00fcsli and Hexenh\u00fcsli.<\/h3>\n<p>You can rent the Hexenh\u00fcsli\u00a0 for a weekly stay in the middle of a fabulous nature. The huts are located close to the hiking paradise &#8220;Val Medel&#8221;\u00a0 .<\/p>\n","protected":false},"excerpt":{"rendered":"<p>Perhapes you would not find the Alp\u00f6hi, but if you want to spend your holidays like Heidi and Peter ( you know the story from Johanna Spyri?) you\u2019re really right in our huts Bienenh\u00fcsli and Hexenh\u00fcsli. You can rent the Hexenh\u00fcsli\u00a0 for a weekly stay in the middle of a fabulous nature. The huts are [&hellip;]<\/p>\n","protected":false},"author":1,"featured_media":0,"parent":0,"menu_order":1,"comment_status":"open","ping_status":"open","template":"","meta":{"footnotes":""},"class_list":["post-655","page","type-page","status-publish","hentry"],"_links":{"self":[{"href":"https:\/\/hotel-cuntera.ch\/en\/wp-json\/wp\/v2\/pages\/655"}],"collection":[{"href":"https:\/\/hotel-cuntera.ch\/en\/wp-json\/wp\/v2\/pages"}],"about":[{"href":"https:\/\/hotel-cuntera.ch\/en\/wp-json\/wp\/v2\/types\/page"}],"author":[{"embeddable":true,"href":"https:\/\/hotel-cuntera.ch\/en\/wp-json\/wp\/v2\/users\/1"}],"replies":[{"embeddable":true,"href":"https:\/\/hotel-cuntera.ch\/en\/wp-json\/wp\/v2\/comments?post=655"}],"version-history":[{"count":0,"href":"https:\/\/hotel-cuntera.ch\/en\/wp-json\/wp\/v2\/pages\/655\/revisions"}],"wp:attachment":[{"href":"https:\/\/hotel-cuntera.ch\/en\/wp-json\/wp\/v2\/media?parent=655"}],"curies":[{"name":"wp","href":"https:\/\/api.w.org\/{rel}","templated":true}]}}