{"id":61,"date":"2014-01-12T22:52:40","date_gmt":"2014-01-12T20:52:40","guid":{"rendered":"http:\/\/dev.cuntera.luagsh.ch\/?page_id=61"},"modified":"2020-10-18T01:34:09","modified_gmt":"2020-10-17T23:34:09","slug":"home","status":"publish","type":"page","link":"https:\/\/hotel-cuntera.ch\/de\/","title":{"rendered":"Herzlich Willkommen im Val Medel am Lukmanierpass!"},"content":{"rendered":"<h3>Woher Sie auch kommen\u2026Sie werden von uns herzlich empfangen! Egal ob Sie als Einzelreisender, Ehepaar oder Familie oder als Gruppe ankommen werden, wir k\u00f6nnen Ihnen ganz sicher\u00a0 das Passende anbieten: Vom komfortablen G\u00e4stezimmer***, Familienzimmer oder bestens ausgestatteter Ferienwohnung bis hin zur Gruppenunterkunft f\u00fcr Selbstverpfleger oder einfache Ferienh\u00fctten f\u00fcr individuelle Naturliebhaber.<\/h3>\n<p>Suchen Sie Erholung und Ruhe in einer noch intakten Natur? Bei uns in Mutschnengia, einem kleinen Bergbauerndorf im Medelsertal k\u00f6nnen wir Ihnen dies bieten, hier k\u00f6nnen Sie den Alltag vergessen und abschalten. Mutschnengia liegt am Lukmanierpass, der von Disentis im Vorderrheintal nach Biasca im Tessin f\u00fchrt, etwa 1km \u00fcber dem Hauptort Curaglia.<\/p>\n<p>Unser Hotelbetrieb bietet f\u00fcr fast alle Bed\u00fcrfnisse etwas. Lassen Sie sich gerne verw\u00f6hnen, dann finden Sie in unserem Hotel komfortabel ausgestattete gem\u00fctliche G\u00e4stezimmer***. Bevorzugen Sie eine Wohnung mit Kochm\u00f6glichkeit, bietet sich unsere Ferienwohnung an. In unseren beiden Ferienh\u00fctten erleben Sie Alpenromantik pur. Und f\u00fcr Selbstverpflegergruppen von 10 bis 14 Personen steht das \u00a0G\u00e4stehaus Cuntera im neuen Anbau f\u00fcr Sie bereit.<\/p>\n<p>Einen Aufenthalt in Mutschnengia werden Sie sicher in guter Erinnerung behalten.<\/p>\n<p>Beinvegni enta Medel!<!--more--><\/p>\n","protected":false},"excerpt":{"rendered":"<p>Woher Sie auch kommen\u2026Sie werden von uns herzlich empfangen! Egal ob Sie als Einzelreisender, Ehepaar oder Familie oder als Gruppe ankommen werden, wir k\u00f6nnen Ihnen ganz sicher\u00a0 das Passende anbieten: Vom komfortablen G\u00e4stezimmer***, Familienzimmer oder bestens ausgestatteter Ferienwohnung bis hin zur Gruppenunterkunft f\u00fcr Selbstverpfleger oder einfache Ferienh\u00fctten f\u00fcr individuelle Naturliebhaber. Suchen Sie Erholung und Ruhe [&hellip;]<\/p>\n","protected":false},"author":1,"featured_media":0,"parent":0,"menu_order":0,"comment_status":"open","ping_status":"open","template":"","meta":{"footnotes":""},"class_list":["post-61","page","type-page","status-publish","hentry"],"_links":{"self":[{"href":"https:\/\/hotel-cuntera.ch\/de\/wp-json\/wp\/v2\/pages\/61"}],"collection":[{"href":"https:\/\/hotel-cuntera.ch\/de\/wp-json\/wp\/v2\/pages"}],"about":[{"href":"https:\/\/hotel-cuntera.ch\/de\/wp-json\/wp\/v2\/types\/page"}],"author":[{"embeddable":true,"href":"https:\/\/hotel-cuntera.ch\/de\/wp-json\/wp\/v2\/users\/1"}],"replies":[{"embeddable":true,"href":"https:\/\/hotel-cuntera.ch\/de\/wp-json\/wp\/v2\/comments?post=61"}],"version-history":[{"count":11,"href":"https:\/\/hotel-cuntera.ch\/de\/wp-json\/wp\/v2\/pages\/61\/revisions"}],"predecessor-version":[{"id":682,"href":"https:\/\/hotel-cuntera.ch\/de\/wp-json\/wp\/v2\/pages\/61\/revisions\/682"}],"wp:attachment":[{"href":"https:\/\/hotel-cuntera.ch\/de\/wp-json\/wp\/v2\/media?parent=61"}],"curies":[{"name":"wp","href":"https:\/\/api.w.org\/{rel}","templated":true}]}}