{"id":53,"date":"2013-10-06T14:23:24","date_gmt":"2013-10-06T12:23:24","guid":{"rendered":"http:\/\/dev.cuntera.luagsh.ch\/?page_id=53"},"modified":"2020-10-18T01:34:08","modified_gmt":"2020-10-17T23:34:08","slug":"winter","status":"publish","type":"page","link":"https:\/\/hotel-cuntera.ch\/de\/freizeit\/winter\/","title":{"rendered":"Winter"},"content":{"rendered":"<h3>Weisser Schnee, blauer Himmel, auf nebelfreien 1400 m.\u00fc.M. k\u00f6nnen wir Ihnen dies fast den ganzen Winter offerieren.<\/h3>\n\t\r\n\t\t\r\n\t<div id=\"meteor-slideshowwinter\" class=\"meteor-slides winter navprevnext { next: '#meteor-nextwinter', prev: '#meteor-prevwinter', pager: '#meteor-buttonswinter' }\">\r\n\t\r\n\t\t\t\r\n\t\t\t\r\n\t\t\t<ul class=\"meteor-nav\">\r\n\t\t\r\n\t\t\t\t<li id=\"meteor-prevwinter\" class=\"prev\"><a href=\"#prev\">Previous<\/a><\/li>\r\n\t\t\t\r\n\t\t\t\t<li id=\"meteor-nextwinter\" class=\"next\"><a href=\"#next\">Next<\/a><\/li>\r\n\t\t\t\r\n\t\t\t<\/ul><!-- .meteor-nav -->\r\n\t\t\r\n\t\t\t\t\r\n\t\t\t\r\n\t\t<div class=\"meteor-clip\">\r\n\t\r\n\t\t\t\t\r\n\t\t\t<img decoding=\"async\" style=\"visibility: hidden;\" class=\"meteor-shim\" src=\"https:\/\/hotel-cuntera.ch\/wp-content\/uploads\/2014\/01\/IMG_2250.jpg\" alt=\"\" \/>\r\n\t\t\t<div class=\"mslide mslide-1\">\r\n\t\t\t\t\r\n\t\t\t\t\t\t\t\t\t\r\n\t\t\t\t\t<img loading=\"lazy\" decoding=\"async\" width=\"801\" height=\"534\" src=\"https:\/\/hotel-cuntera.ch\/wp-content\/uploads\/2014\/01\/IMG_2250.jpg\" class=\"attachment-featured-slide size-featured-slide wp-post-image\" alt=\"\" title=\"Strasse Winter\" srcset=\"https:\/\/hotel-cuntera.ch\/wp-content\/uploads\/2014\/01\/IMG_2250.jpg 1500w, https:\/\/hotel-cuntera.ch\/wp-content\/uploads\/2014\/01\/IMG_2250-300x200.jpg 300w, https:\/\/hotel-cuntera.ch\/wp-content\/uploads\/2014\/01\/IMG_2250-1024x682.jpg 1024w\" sizes=\"(max-width: 801px) 100vw, 801px\" \/>\t\t\t\t\t\r\n\t\t\t\t\t\t\t\r\n\t\t\t<\/div><!-- .mslide -->\r\n\t\t\t\r\n\t\t\t\t\t\t\r\n\t\t\t\t\r\n\t\t\t\r\n\t\t\t<div class=\"mslide mslide-2\">\r\n\t\t\t\t\r\n\t\t\t\t\t\t\t\t\t\r\n\t\t\t\t\t<img loading=\"lazy\" decoding=\"async\" width=\"801\" height=\"534\" src=\"https:\/\/hotel-cuntera.ch\/wp-content\/uploads\/2014\/02\/IMG_2254_bearbeitet-801x534.jpg\" class=\"attachment-featured-slide size-featured-slide wp-post-image\" alt=\"\" title=\"Pez Muraun Winter\" srcset=\"https:\/\/hotel-cuntera.ch\/wp-content\/uploads\/2014\/02\/IMG_2254_bearbeitet-801x534.jpg 801w, https:\/\/hotel-cuntera.ch\/wp-content\/uploads\/2014\/02\/IMG_2254_bearbeitet-300x200.jpg 300w, https:\/\/hotel-cuntera.ch\/wp-content\/uploads\/2014\/02\/IMG_2254_bearbeitet-1024x682.jpg 1024w, https:\/\/hotel-cuntera.ch\/wp-content\/uploads\/2014\/02\/IMG_2254_bearbeitet-250x166.jpg 250w, https:\/\/hotel-cuntera.ch\/wp-content\/uploads\/2014\/02\/IMG_2254_bearbeitet.jpg 1500w\" sizes=\"(max-width: 801px) 100vw, 801px\" \/>\t\t\t\t\t\r\n\t\t\t\t\t\t\t\r\n\t\t\t<\/div><!-- .mslide -->\r\n\t\t\t\r\n\t\t\t\t\t\t\r\n\t\t\t\t\r\n\t\t\t\r\n\t\t\t<div class=\"mslide mslide-3\">\r\n\t\t\t\t\r\n\t\t\t\t\t\t\t\t\t\r\n\t\t\t\t\t<img loading=\"lazy\" decoding=\"async\" width=\"801\" height=\"534\" src=\"https:\/\/hotel-cuntera.ch\/wp-content\/uploads\/2014\/01\/IMG_2247.jpg\" class=\"attachment-featured-slide size-featured-slide wp-post-image\" alt=\"\" title=\"Cuntera Winter\" srcset=\"https:\/\/hotel-cuntera.ch\/wp-content\/uploads\/2014\/01\/IMG_2247.jpg 1500w, https:\/\/hotel-cuntera.ch\/wp-content\/uploads\/2014\/01\/IMG_2247-300x200.jpg 300w, https:\/\/hotel-cuntera.ch\/wp-content\/uploads\/2014\/01\/IMG_2247-1024x682.jpg 1024w\" sizes=\"(max-width: 801px) 100vw, 801px\" \/>\t\t\t\t\t\r\n\t\t\t\t\t\t\t\r\n\t\t\t<\/div><!-- .mslide -->\r\n\t\t\t\r\n\t\t\t\t\t\t\r\n\t\t\t\t\r\n\t\t<\/div><!-- .meteor-clip -->\r\n\t\t\t\t\r\n\t\t\t\t\t\r\n\t<\/div><!-- .meteor-slides -->\r\n\t\r\n\t\n<p>Die Bergbahnen Disentis,\u00a0 in 15 min. mit dem Auto erreichbar und das Skigebiet Sedrun in 25 min. erwarten Sie mit bestens pr\u00e4parierten Pisten zum Ski- und Snowboardfahren.\u00a0 Das Val Medel ist ein interessantes Skitourengebiet. Skitouren und Schneeschuhtouren -f\u00fcr jeden Konditionstyp- starten praktisch direkt vor der Haust\u00fcr. Schneeschuhe k\u00f6nnen Sie direkt im Hotel mieten.\u00a0 Eine Schlittelbahn finden Sie oberhalb Curaglia und auf Wunsch organisieren wir Ihnen eine Schneeschuh-Fackelwanderung mit Einkehr zu Gl\u00fchwein in unserem Hexenh\u00fcsli (f\u00fcr Gruppen ab 8 Personen). Ein Ausflug ins nahe Tessin ist auch im Winter empfehlenswert. Die Anreise \u00fcber den Oberalp ist w\u00e4hrend der Wintermonate nur mit dem Autozug tags\u00fcber m\u00f6glich. <iframe loading=\"lazy\" src=\"\/\/player.vimeo.com\/video\/36237005?byline=0&amp;portrait=0&amp;color=4a96cb\" width=\"800\" height=\"450\" frameborder=\"0\" allowfullscreen=\"allowfullscreen\"><\/iframe><\/p>\n<p><!--more--><\/p>\n","protected":false},"excerpt":{"rendered":"<p>Weisser Schnee, blauer Himmel, auf nebelfreien 1400 m.\u00fc.M. k\u00f6nnen wir Ihnen dies fast den ganzen Winter offerieren. Die Bergbahnen Disentis,\u00a0 in 15 min. mit dem Auto erreichbar und das Skigebiet Sedrun in 25 min. erwarten Sie mit bestens pr\u00e4parierten Pisten zum Ski- und Snowboardfahren.\u00a0 Das Val Medel ist ein interessantes Skitourengebiet. Skitouren und Schneeschuhtouren -f\u00fcr [&hellip;]<\/p>\n","protected":false},"author":1,"featured_media":0,"parent":5,"menu_order":0,"comment_status":"open","ping_status":"open","template":"","meta":{"footnotes":""},"class_list":["post-53","page","type-page","status-publish","hentry"],"_links":{"self":[{"href":"https:\/\/hotel-cuntera.ch\/de\/wp-json\/wp\/v2\/pages\/53"}],"collection":[{"href":"https:\/\/hotel-cuntera.ch\/de\/wp-json\/wp\/v2\/pages"}],"about":[{"href":"https:\/\/hotel-cuntera.ch\/de\/wp-json\/wp\/v2\/types\/page"}],"author":[{"embeddable":true,"href":"https:\/\/hotel-cuntera.ch\/de\/wp-json\/wp\/v2\/users\/1"}],"replies":[{"embeddable":true,"href":"https:\/\/hotel-cuntera.ch\/de\/wp-json\/wp\/v2\/comments?post=53"}],"version-history":[{"count":14,"href":"https:\/\/hotel-cuntera.ch\/de\/wp-json\/wp\/v2\/pages\/53\/revisions"}],"predecessor-version":[{"id":678,"href":"https:\/\/hotel-cuntera.ch\/de\/wp-json\/wp\/v2\/pages\/53\/revisions\/678"}],"up":[{"embeddable":true,"href":"https:\/\/hotel-cuntera.ch\/de\/wp-json\/wp\/v2\/pages\/5"}],"wp:attachment":[{"href":"https:\/\/hotel-cuntera.ch\/de\/wp-json\/wp\/v2\/media?parent=53"}],"curies":[{"name":"wp","href":"https:\/\/api.w.org\/{rel}","templated":true}]}}