{"id":51,"date":"2013-10-06T14:22:59","date_gmt":"2013-10-06T12:22:59","guid":{"rendered":"http:\/\/dev.cuntera.luagsh.ch\/?page_id=51"},"modified":"2020-10-18T15:02:40","modified_gmt":"2020-10-18T13:02:40","slug":"sommer","status":"publish","type":"page","link":"https:\/\/hotel-cuntera.ch\/de\/freizeit\/sommer\/","title":{"rendered":"Sommer"},"content":{"rendered":"<h3>Die nat\u00fcrliche Sch\u00f6nheit unseres Bergtals wird Sie nachhaltig beeindrucken. Entdecken Sie das Val Medel auf einem \u00fcber 100 km umfassenden Wanderwegenetz.<\/h3>\n<p>Und ausserdem k\u00f6nnen Sie bei uns Mountainbiken, von Mai bis September fischen, Kristalle strahlen, den Weg der Sinne erforschen, aber auch die Abgeschiedenheit f\u00fcr den idealen Rahmen Ihres Seminars nutzen. &nbsp;Einen grossen Kinderspielplatz mit Grillstelle finden Sie talw\u00e4rts direkt am Medelser Rhein und ebenfalls nur 1 km aufw\u00e4rts eine wundersch\u00f6n angelegte Grillstelle mit Panoramasicht von Oberalp \u00fcber T\u00f6di bis zu den Flimser Bergen.<\/p>\n<p>Und nach Ihrer Wanderung erwarten wir Sie zu einem erfrischenden Aperitif auf unserer sonnigen Gartenterrasse.<!--more--><\/p>\n","protected":false},"excerpt":{"rendered":"<p>Die nat\u00fcrliche Sch\u00f6nheit unseres Bergtals wird Sie nachhaltig beeindrucken. Entdecken Sie das Val Medel auf einem \u00fcber 100 km umfassenden Wanderwegenetz. Und ausserdem k\u00f6nnen Sie bei uns Mountainbiken, von Mai bis September fischen, Kristalle strahlen, den Weg der Sinne erforschen, aber auch die Abgeschiedenheit f\u00fcr den idealen Rahmen Ihres Seminars nutzen. &nbsp;Einen grossen Kinderspielplatz mit [&hellip;]<\/p>\n","protected":false},"author":1,"featured_media":0,"parent":5,"menu_order":0,"comment_status":"open","ping_status":"open","template":"","meta":{"footnotes":""},"class_list":["post-51","page","type-page","status-publish","hentry"],"_links":{"self":[{"href":"https:\/\/hotel-cuntera.ch\/de\/wp-json\/wp\/v2\/pages\/51"}],"collection":[{"href":"https:\/\/hotel-cuntera.ch\/de\/wp-json\/wp\/v2\/pages"}],"about":[{"href":"https:\/\/hotel-cuntera.ch\/de\/wp-json\/wp\/v2\/types\/page"}],"author":[{"embeddable":true,"href":"https:\/\/hotel-cuntera.ch\/de\/wp-json\/wp\/v2\/users\/1"}],"replies":[{"embeddable":true,"href":"https:\/\/hotel-cuntera.ch\/de\/wp-json\/wp\/v2\/comments?post=51"}],"version-history":[{"count":4,"href":"https:\/\/hotel-cuntera.ch\/de\/wp-json\/wp\/v2\/pages\/51\/revisions"}],"predecessor-version":[{"id":712,"href":"https:\/\/hotel-cuntera.ch\/de\/wp-json\/wp\/v2\/pages\/51\/revisions\/712"}],"up":[{"embeddable":true,"href":"https:\/\/hotel-cuntera.ch\/de\/wp-json\/wp\/v2\/pages\/5"}],"wp:attachment":[{"href":"https:\/\/hotel-cuntera.ch\/de\/wp-json\/wp\/v2\/media?parent=51"}],"curies":[{"name":"wp","href":"https:\/\/api.w.org\/{rel}","templated":true}]}}