{"id":44,"date":"2013-10-06T14:12:41","date_gmt":"2013-10-06T12:12:41","guid":{"rendered":"http:\/\/dev.cuntera.luagsh.ch\/?page_id=44"},"modified":"2022-10-07T11:44:49","modified_gmt":"2022-10-07T09:44:49","slug":"gruppenunterkuenfte","status":"publish","type":"page","link":"https:\/\/hotel-cuntera.ch\/de\/gruppenunterkuenfte\/","title":{"rendered":"Gruppen"},"content":{"rendered":"<p>&nbsp;<\/p>\n<h3>Ferienlager, Gruppenunterkunft, Studentenlager, Lehrlingsseminar, Grossfamilienausflug, Gute Freunde-wochenende\u2026 es gibt viele Anl\u00e4sse um unsere Gruppenunterkunft zu buchen.<\/h3>\n\t\r\n\t\t\r\n\t<div id=\"meteor-slideshowgruppenunterkunft\" class=\"meteor-slides gruppenunterkunft navprevnext { next: '#meteor-nextgruppenunterkunft', prev: '#meteor-prevgruppenunterkunft', pager: '#meteor-buttonsgruppenunterkunft' }\">\r\n\t\r\n\t\t\t\r\n\t\t\t\r\n\t\t\t<ul class=\"meteor-nav\">\r\n\t\t\r\n\t\t\t\t<li id=\"meteor-prevgruppenunterkunft\" class=\"prev\"><a href=\"#prev\">Previous<\/a><\/li>\r\n\t\t\t\r\n\t\t\t\t<li id=\"meteor-nextgruppenunterkunft\" class=\"next\"><a href=\"#next\">Next<\/a><\/li>\r\n\t\t\t\r\n\t\t\t<\/ul><!-- .meteor-nav -->\r\n\t\t\r\n\t\t\t\t\r\n\t\t\t\r\n\t\t<div class=\"meteor-clip\">\r\n\t\r\n\t\t\t\t\r\n\t\t\t<img decoding=\"async\" style=\"visibility: hidden;\" class=\"meteor-shim\" src=\"https:\/\/hotel-cuntera.ch\/wp-content\/uploads\/2014\/02\/Cuntera-04281-801x534.jpg\" alt=\"\" \/>\r\n\t\t\t<div class=\"mslide mslide-1\">\r\n\t\t\t\t\r\n\t\t\t\t\t\t\t\t\t\r\n\t\t\t\t\t<img loading=\"lazy\" decoding=\"async\" width=\"801\" height=\"534\" src=\"https:\/\/hotel-cuntera.ch\/wp-content\/uploads\/2014\/02\/Cuntera-04281-801x534.jpg\" class=\"attachment-featured-slide size-featured-slide wp-post-image\" alt=\"\" title=\"Zimmer Gruppenunterkunft\" srcset=\"https:\/\/hotel-cuntera.ch\/wp-content\/uploads\/2014\/02\/Cuntera-04281-801x534.jpg 801w, https:\/\/hotel-cuntera.ch\/wp-content\/uploads\/2014\/02\/Cuntera-04281-300x200.jpg 300w, https:\/\/hotel-cuntera.ch\/wp-content\/uploads\/2014\/02\/Cuntera-04281-1024x682.jpg 1024w, https:\/\/hotel-cuntera.ch\/wp-content\/uploads\/2014\/02\/Cuntera-04281-250x166.jpg 250w, https:\/\/hotel-cuntera.ch\/wp-content\/uploads\/2014\/02\/Cuntera-04281.jpg 1500w\" sizes=\"(max-width: 801px) 100vw, 801px\" \/>\t\t\t\t\t\r\n\t\t\t\t\t\t\t\r\n\t\t\t<\/div><!-- .mslide -->\r\n\t\t\t\r\n\t\t\t\t\t\t\r\n\t\t\t\t\r\n\t\t\t\r\n\t\t\t<div class=\"mslide mslide-2\">\r\n\t\t\t\t\r\n\t\t\t\t\t\t\t\t\t\r\n\t\t\t\t\t<img loading=\"lazy\" decoding=\"async\" width=\"801\" height=\"534\" src=\"https:\/\/hotel-cuntera.ch\/wp-content\/uploads\/2014\/02\/Cuntera-04381-801x534.jpg\" class=\"attachment-featured-slide size-featured-slide wp-post-image\" alt=\"\" title=\"Gemeinschaftsraum Gruppenunterkunft\" srcset=\"https:\/\/hotel-cuntera.ch\/wp-content\/uploads\/2014\/02\/Cuntera-04381-801x534.jpg 801w, https:\/\/hotel-cuntera.ch\/wp-content\/uploads\/2014\/02\/Cuntera-04381-300x200.jpg 300w, https:\/\/hotel-cuntera.ch\/wp-content\/uploads\/2014\/02\/Cuntera-04381-1024x682.jpg 1024w, https:\/\/hotel-cuntera.ch\/wp-content\/uploads\/2014\/02\/Cuntera-04381-250x166.jpg 250w, https:\/\/hotel-cuntera.ch\/wp-content\/uploads\/2014\/02\/Cuntera-04381.jpg 1500w\" sizes=\"(max-width: 801px) 100vw, 801px\" \/>\t\t\t\t\t\r\n\t\t\t\t\t\t\t\r\n\t\t\t<\/div><!-- .mslide -->\r\n\t\t\t\r\n\t\t\t\t\t\t\r\n\t\t\t\t\r\n\t\t\t\r\n\t\t\t<div class=\"mslide mslide-3\">\r\n\t\t\t\t\r\n\t\t\t\t\t\t\t\t\t\r\n\t\t\t\t\t<img loading=\"lazy\" decoding=\"async\" width=\"801\" height=\"534\" src=\"https:\/\/hotel-cuntera.ch\/wp-content\/uploads\/2014\/02\/Cuntera-04331-801x534.jpg\" class=\"attachment-featured-slide size-featured-slide wp-post-image\" alt=\"\" title=\"Guppenunterkunft Zimmer\" srcset=\"https:\/\/hotel-cuntera.ch\/wp-content\/uploads\/2014\/02\/Cuntera-04331-801x534.jpg 801w, https:\/\/hotel-cuntera.ch\/wp-content\/uploads\/2014\/02\/Cuntera-04331-300x200.jpg 300w, https:\/\/hotel-cuntera.ch\/wp-content\/uploads\/2014\/02\/Cuntera-04331-1024x682.jpg 1024w, https:\/\/hotel-cuntera.ch\/wp-content\/uploads\/2014\/02\/Cuntera-04331-250x166.jpg 250w, https:\/\/hotel-cuntera.ch\/wp-content\/uploads\/2014\/02\/Cuntera-04331.jpg 1500w\" sizes=\"(max-width: 801px) 100vw, 801px\" \/>\t\t\t\t\t\r\n\t\t\t\t\t\t\t\r\n\t\t\t<\/div><!-- .mslide -->\r\n\t\t\t\r\n\t\t\t\t\t\t\r\n\t\t\t\t\r\n\t\t\t\r\n\t\t\t<div class=\"mslide mslide-4\">\r\n\t\t\t\t\r\n\t\t\t\t\t\t\t\t\t\r\n\t\t\t\t\t<img loading=\"lazy\" decoding=\"async\" width=\"801\" height=\"534\" src=\"https:\/\/hotel-cuntera.ch\/wp-content\/uploads\/2014\/02\/HAM2298-801x534.jpg\" class=\"attachment-featured-slide size-featured-slide wp-post-image\" alt=\"\" title=\"Gruppenunterkunft aussen\" srcset=\"https:\/\/hotel-cuntera.ch\/wp-content\/uploads\/2014\/02\/HAM2298-801x534.jpg 801w, https:\/\/hotel-cuntera.ch\/wp-content\/uploads\/2014\/02\/HAM2298-300x200.jpg 300w, https:\/\/hotel-cuntera.ch\/wp-content\/uploads\/2014\/02\/HAM2298-1024x682.jpg 1024w, https:\/\/hotel-cuntera.ch\/wp-content\/uploads\/2014\/02\/HAM2298-250x166.jpg 250w, https:\/\/hotel-cuntera.ch\/wp-content\/uploads\/2014\/02\/HAM2298.jpg 1500w\" sizes=\"(max-width: 801px) 100vw, 801px\" \/>\t\t\t\t\t\r\n\t\t\t\t\t\t\t\r\n\t\t\t<\/div><!-- .mslide -->\r\n\t\t\t\r\n\t\t\t\t\t\t\r\n\t\t\t\t\r\n\t\t\t\r\n\t\t\t<div class=\"mslide mslide-5\">\r\n\t\t\t\t\r\n\t\t\t\t\t\t\t\t\t\r\n\t\t\t\t\t<img loading=\"lazy\" decoding=\"async\" width=\"801\" height=\"534\" src=\"https:\/\/hotel-cuntera.ch\/wp-content\/uploads\/2014\/02\/HAM2296-801x534.jpg\" class=\"attachment-featured-slide size-featured-slide wp-post-image\" alt=\"\" title=\"Zimmer Gruppenunterkunft\" srcset=\"https:\/\/hotel-cuntera.ch\/wp-content\/uploads\/2014\/02\/HAM2296-801x534.jpg 801w, https:\/\/hotel-cuntera.ch\/wp-content\/uploads\/2014\/02\/HAM2296-300x200.jpg 300w, https:\/\/hotel-cuntera.ch\/wp-content\/uploads\/2014\/02\/HAM2296-1024x682.jpg 1024w, https:\/\/hotel-cuntera.ch\/wp-content\/uploads\/2014\/02\/HAM2296-250x166.jpg 250w, https:\/\/hotel-cuntera.ch\/wp-content\/uploads\/2014\/02\/HAM2296.jpg 1500w\" sizes=\"(max-width: 801px) 100vw, 801px\" \/>\t\t\t\t\t\r\n\t\t\t\t\t\t\t\r\n\t\t\t<\/div><!-- .mslide -->\r\n\t\t\t\r\n\t\t\t\t\t\t\r\n\t\t\t\t\r\n\t\t\t\r\n\t\t\t<div class=\"mslide mslide-6\">\r\n\t\t\t\t\r\n\t\t\t\t\t\t\t\t\t\r\n\t\t\t\t\t<img loading=\"lazy\" decoding=\"async\" width=\"801\" height=\"534\" src=\"https:\/\/hotel-cuntera.ch\/wp-content\/uploads\/2014\/02\/HAM2291-801x534.jpg\" class=\"attachment-featured-slide size-featured-slide wp-post-image\" alt=\"\" title=\"Zimmer Gruppenunterkunft\" srcset=\"https:\/\/hotel-cuntera.ch\/wp-content\/uploads\/2014\/02\/HAM2291-801x534.jpg 801w, https:\/\/hotel-cuntera.ch\/wp-content\/uploads\/2014\/02\/HAM2291-300x200.jpg 300w, https:\/\/hotel-cuntera.ch\/wp-content\/uploads\/2014\/02\/HAM2291-1024x682.jpg 1024w, https:\/\/hotel-cuntera.ch\/wp-content\/uploads\/2014\/02\/HAM2291-250x166.jpg 250w, https:\/\/hotel-cuntera.ch\/wp-content\/uploads\/2014\/02\/HAM2291.jpg 1500w\" sizes=\"(max-width: 801px) 100vw, 801px\" \/>\t\t\t\t\t\r\n\t\t\t\t\t\t\t\r\n\t\t\t<\/div><!-- .mslide -->\r\n\t\t\t\r\n\t\t\t\t\t\t\r\n\t\t\t\t\r\n\t\t\t\r\n\t\t\t<div class=\"mslide mslide-7\">\r\n\t\t\t\t\r\n\t\t\t\t\t\t\t\t\t\r\n\t\t\t\t\t<img loading=\"lazy\" decoding=\"async\" width=\"801\" height=\"534\" src=\"https:\/\/hotel-cuntera.ch\/wp-content\/uploads\/2014\/02\/HAM2288-801x534.jpg\" class=\"attachment-featured-slide size-featured-slide wp-post-image\" alt=\"\" title=\"Zimmer Gruppenunterkunft\" srcset=\"https:\/\/hotel-cuntera.ch\/wp-content\/uploads\/2014\/02\/HAM2288-801x534.jpg 801w, https:\/\/hotel-cuntera.ch\/wp-content\/uploads\/2014\/02\/HAM2288-300x200.jpg 300w, https:\/\/hotel-cuntera.ch\/wp-content\/uploads\/2014\/02\/HAM2288-1024x682.jpg 1024w, https:\/\/hotel-cuntera.ch\/wp-content\/uploads\/2014\/02\/HAM2288-250x166.jpg 250w, https:\/\/hotel-cuntera.ch\/wp-content\/uploads\/2014\/02\/HAM2288.jpg 1500w\" sizes=\"(max-width: 801px) 100vw, 801px\" \/>\t\t\t\t\t\r\n\t\t\t\t\t\t\t\r\n\t\t\t<\/div><!-- .mslide -->\r\n\t\t\t\r\n\t\t\t\t\t\t\r\n\t\t\t\t\r\n\t\t\t\r\n\t\t\t<div class=\"mslide mslide-8\">\r\n\t\t\t\t\r\n\t\t\t\t\t\t\t\t\t\r\n\t\t\t\t\t<img loading=\"lazy\" decoding=\"async\" width=\"801\" height=\"534\" src=\"https:\/\/hotel-cuntera.ch\/wp-content\/uploads\/2014\/02\/HAM2286-801x534.jpg\" class=\"attachment-featured-slide size-featured-slide wp-post-image\" alt=\"\" title=\"Zimmer Gruppenunterkunft\" srcset=\"https:\/\/hotel-cuntera.ch\/wp-content\/uploads\/2014\/02\/HAM2286-801x534.jpg 801w, https:\/\/hotel-cuntera.ch\/wp-content\/uploads\/2014\/02\/HAM2286-300x200.jpg 300w, https:\/\/hotel-cuntera.ch\/wp-content\/uploads\/2014\/02\/HAM2286-1024x682.jpg 1024w, https:\/\/hotel-cuntera.ch\/wp-content\/uploads\/2014\/02\/HAM2286-250x166.jpg 250w, https:\/\/hotel-cuntera.ch\/wp-content\/uploads\/2014\/02\/HAM2286.jpg 1500w\" sizes=\"(max-width: 801px) 100vw, 801px\" \/>\t\t\t\t\t\r\n\t\t\t\t\t\t\t\r\n\t\t\t<\/div><!-- .mslide -->\r\n\t\t\t\r\n\t\t\t\t\t\t\r\n\t\t\t\t\r\n\t\t\t\r\n\t\t\t<div class=\"mslide mslide-9\">\r\n\t\t\t\t\r\n\t\t\t\t\t\t\t\t\t\r\n\t\t\t\t\t<img loading=\"lazy\" decoding=\"async\" width=\"801\" height=\"534\" src=\"https:\/\/hotel-cuntera.ch\/wp-content\/uploads\/2014\/02\/HAM2283-801x534.jpg\" class=\"attachment-featured-slide size-featured-slide wp-post-image\" alt=\"\" title=\"Zimmer Gruppenunterkunft\" srcset=\"https:\/\/hotel-cuntera.ch\/wp-content\/uploads\/2014\/02\/HAM2283-801x534.jpg 801w, https:\/\/hotel-cuntera.ch\/wp-content\/uploads\/2014\/02\/HAM2283-300x200.jpg 300w, https:\/\/hotel-cuntera.ch\/wp-content\/uploads\/2014\/02\/HAM2283-1024x682.jpg 1024w, https:\/\/hotel-cuntera.ch\/wp-content\/uploads\/2014\/02\/HAM2283-250x166.jpg 250w, https:\/\/hotel-cuntera.ch\/wp-content\/uploads\/2014\/02\/HAM2283.jpg 1500w\" sizes=\"(max-width: 801px) 100vw, 801px\" \/>\t\t\t\t\t\r\n\t\t\t\t\t\t\t\r\n\t\t\t<\/div><!-- .mslide -->\r\n\t\t\t\r\n\t\t\t\t\t\t\r\n\t\t\t\t\r\n\t\t\t\r\n\t\t\t<div class=\"mslide mslide-10\">\r\n\t\t\t\t\r\n\t\t\t\t\t\t\t\t\t\r\n\t\t\t\t\t<img loading=\"lazy\" decoding=\"async\" width=\"801\" height=\"534\" src=\"https:\/\/hotel-cuntera.ch\/wp-content\/uploads\/2014\/02\/HAM2280-801x534.jpg\" class=\"attachment-featured-slide size-featured-slide wp-post-image\" alt=\"\" title=\"Gemeinschaftsraum\" srcset=\"https:\/\/hotel-cuntera.ch\/wp-content\/uploads\/2014\/02\/HAM2280-801x534.jpg 801w, https:\/\/hotel-cuntera.ch\/wp-content\/uploads\/2014\/02\/HAM2280-300x200.jpg 300w, https:\/\/hotel-cuntera.ch\/wp-content\/uploads\/2014\/02\/HAM2280-1024x682.jpg 1024w, https:\/\/hotel-cuntera.ch\/wp-content\/uploads\/2014\/02\/HAM2280-250x166.jpg 250w, https:\/\/hotel-cuntera.ch\/wp-content\/uploads\/2014\/02\/HAM2280.jpg 1500w\" sizes=\"(max-width: 801px) 100vw, 801px\" \/>\t\t\t\t\t\r\n\t\t\t\t\t\t\t\r\n\t\t\t<\/div><!-- .mslide -->\r\n\t\t\t\r\n\t\t\t\t\t\t\r\n\t\t\t\t\r\n\t\t\t\r\n\t\t\t<div class=\"mslide mslide-11\">\r\n\t\t\t\t\r\n\t\t\t\t\t\t\t\t\t\r\n\t\t\t\t\t<img loading=\"lazy\" decoding=\"async\" width=\"801\" height=\"534\" src=\"https:\/\/hotel-cuntera.ch\/wp-content\/uploads\/2014\/02\/HAM2278-801x534.jpg\" class=\"attachment-featured-slide size-featured-slide wp-post-image\" alt=\"\" title=\"Gemeinschaftsraum\" srcset=\"https:\/\/hotel-cuntera.ch\/wp-content\/uploads\/2014\/02\/HAM2278-801x534.jpg 801w, https:\/\/hotel-cuntera.ch\/wp-content\/uploads\/2014\/02\/HAM2278-300x200.jpg 300w, https:\/\/hotel-cuntera.ch\/wp-content\/uploads\/2014\/02\/HAM2278-1024x682.jpg 1024w, https:\/\/hotel-cuntera.ch\/wp-content\/uploads\/2014\/02\/HAM2278-250x166.jpg 250w, https:\/\/hotel-cuntera.ch\/wp-content\/uploads\/2014\/02\/HAM2278.jpg 1500w\" sizes=\"(max-width: 801px) 100vw, 801px\" \/>\t\t\t\t\t\r\n\t\t\t\t\t\t\t\r\n\t\t\t<\/div><!-- .mslide -->\r\n\t\t\t\r\n\t\t\t\t\t\t\r\n\t\t\t\t\r\n\t\t\t\r\n\t\t\t<div class=\"mslide mslide-12\">\r\n\t\t\t\t\r\n\t\t\t\t\t\t\t\t\t\r\n\t\t\t\t\t<img loading=\"lazy\" decoding=\"async\" width=\"801\" height=\"534\" src=\"https:\/\/hotel-cuntera.ch\/wp-content\/uploads\/2014\/02\/HAM2273-801x534.jpg\" class=\"attachment-featured-slide size-featured-slide wp-post-image\" alt=\"\" title=\"Gemeinschaftsraum\" srcset=\"https:\/\/hotel-cuntera.ch\/wp-content\/uploads\/2014\/02\/HAM2273-801x534.jpg 801w, https:\/\/hotel-cuntera.ch\/wp-content\/uploads\/2014\/02\/HAM2273-300x200.jpg 300w, https:\/\/hotel-cuntera.ch\/wp-content\/uploads\/2014\/02\/HAM2273-1024x682.jpg 1024w, https:\/\/hotel-cuntera.ch\/wp-content\/uploads\/2014\/02\/HAM2273-250x166.jpg 250w, https:\/\/hotel-cuntera.ch\/wp-content\/uploads\/2014\/02\/HAM2273.jpg 1500w\" sizes=\"(max-width: 801px) 100vw, 801px\" \/>\t\t\t\t\t\r\n\t\t\t\t\t\t\t\r\n\t\t\t<\/div><!-- .mslide -->\r\n\t\t\t\r\n\t\t\t\t\t\t\r\n\t\t\t\t\r\n\t\t<\/div><!-- .meteor-clip -->\r\n\t\t\t\t\r\n\t\t\t\t\t\r\n\t<\/div><!-- .meteor-slides -->\r\n\t\r\n\t\n<p>Das G\u00e4stehaus Cuntera ist an das bestehende Hotel angebaut aber f\u00fcr sich eine eigene Einheit bestehend aus einem grossen Aufenthaltsraum mit Sat-Flachbild-TV, integrierter K\u00fcche (2 K\u00fchlschr\u00e4nke,&nbsp; grosses Cerankochfeld, Gl\u00e4sersp\u00fclmaschine) hinter der Hausbar,&nbsp; 4 helle Schlafzimmer (2 Doppelzimmer mit Zusatzbett, 2 Viererzimmer)&nbsp; alle mit DU\/WC und Terrasse ausgestattet, Sitzplatz mit Tischtennisplatte im Garten. Unsere Selbstkochergruppen k\u00f6nnen bei dem benachbarten Bio-Landwirtschaftsbetrieb Milch, Eier, K\u00e4se, Joghurt (je nach Saison) beziehen, sowie Sie auch auf Wunsch morgens ofenfrische Br\u00f6tli und Gipfeli geliefert bekommen.<\/p>\n<p>Nat\u00fcrlich k\u00f6nnen Sie uns auch den K\u00fcchendienst f\u00fcr Sie machen lassen. Wir servieren Ihnen zum g\u00fcnstigen Halbpensionspreis Fr\u00fchst\u00fccksb\u00fcffet und jeden Abend ein 3-Gang-Menu in unserem neuen Panoramarestaurant, wobei wir Sie gerne bedienen m\u00f6chten.<!--more--><\/p>\n","protected":false},"excerpt":{"rendered":"<p>&nbsp; Ferienlager, Gruppenunterkunft, Studentenlager, Lehrlingsseminar, Grossfamilienausflug, Gute Freunde-wochenende\u2026 es gibt viele Anl\u00e4sse um unsere Gruppenunterkunft zu buchen. Das G\u00e4stehaus Cuntera ist an das bestehende Hotel angebaut aber f\u00fcr sich eine eigene Einheit bestehend aus einem grossen Aufenthaltsraum mit Sat-Flachbild-TV, integrierter K\u00fcche (2 K\u00fchlschr\u00e4nke,&nbsp; grosses Cerankochfeld, Gl\u00e4sersp\u00fclmaschine) hinter der Hausbar,&nbsp; 4 helle Schlafzimmer (2 Doppelzimmer mit [&hellip;]<\/p>\n","protected":false},"author":1,"featured_media":0,"parent":0,"menu_order":0,"comment_status":"open","ping_status":"open","template":"","meta":{"footnotes":""},"class_list":["post-44","page","type-page","status-publish","hentry"],"_links":{"self":[{"href":"https:\/\/hotel-cuntera.ch\/de\/wp-json\/wp\/v2\/pages\/44"}],"collection":[{"href":"https:\/\/hotel-cuntera.ch\/de\/wp-json\/wp\/v2\/pages"}],"about":[{"href":"https:\/\/hotel-cuntera.ch\/de\/wp-json\/wp\/v2\/types\/page"}],"author":[{"embeddable":true,"href":"https:\/\/hotel-cuntera.ch\/de\/wp-json\/wp\/v2\/users\/1"}],"replies":[{"embeddable":true,"href":"https:\/\/hotel-cuntera.ch\/de\/wp-json\/wp\/v2\/comments?post=44"}],"version-history":[{"count":11,"href":"https:\/\/hotel-cuntera.ch\/de\/wp-json\/wp\/v2\/pages\/44\/revisions"}],"predecessor-version":[{"id":758,"href":"https:\/\/hotel-cuntera.ch\/de\/wp-json\/wp\/v2\/pages\/44\/revisions\/758"}],"wp:attachment":[{"href":"https:\/\/hotel-cuntera.ch\/de\/wp-json\/wp\/v2\/media?parent=44"}],"curies":[{"name":"wp","href":"https:\/\/api.w.org\/{rel}","templated":true}]}}