{"id":12,"date":"2013-09-24T23:46:01","date_gmt":"2013-09-24T21:46:01","guid":{"rendered":"http:\/\/hotel-cuntera.dev\/?page_id=12"},"modified":"2020-10-18T01:34:06","modified_gmt":"2020-10-17T23:34:06","slug":"unterkuenfte","status":"publish","type":"page","link":"https:\/\/hotel-cuntera.ch\/de\/unterkuenfte\/","title":{"rendered":"Ferienh\u00fctten"},"content":{"rendered":"<h3>Den Alp\u00f6hi werden Sie in unseren Ferienh\u00fctten wahrscheinlich nicht antreffen, aber wenn Sie immer schon mal wie Heidi und Geissenpeter aus Johanna Spyris Erz\u00e4hlungen eine, zwei oder mehrere Ferienwochen erleben\u00a0 m\u00f6chten, sind Sie in einer unserer Ferienh\u00fctten genau richtig!<\/h3>\n<p>Die\u00a0 Ferienh\u00fctte Hexenh\u00fcsli k\u00f6nnen Sie wochenweise f\u00fcr Ihre erholsamen Ferien mieten um fernab vom Touristenrummel\u00a0 Ruhe und Einsamkeit zu geniessen.\u00a0 Erholung, \u00a0Entspannung und Gelassenheit wird hier ausreichend geboten, dazu willkommene Abwechslung bei einer herrlichen Wanderung, Alpk\u00e4sereibesichtigung, Wildbeobachtung, und vieles mehr.\u00a0\u00a0 Ein kilometerlanges Wanderwegenetz im und am Fuss des Lukmanierpass startet direkt vor der Haust\u00fcre.\u00a0\u00a0 \u00a0Natur pur erleben inmitten einer fast unber\u00fchrten Bergwelt!<!--more--><\/p>\n","protected":false},"excerpt":{"rendered":"<p>Den Alp\u00f6hi werden Sie in unseren Ferienh\u00fctten wahrscheinlich nicht antreffen, aber wenn Sie immer schon mal wie Heidi und Geissenpeter aus Johanna Spyris Erz\u00e4hlungen eine, zwei oder mehrere Ferienwochen erleben\u00a0 m\u00f6chten, sind Sie in einer unserer Ferienh\u00fctten genau richtig! Die\u00a0 Ferienh\u00fctte Hexenh\u00fcsli k\u00f6nnen Sie wochenweise f\u00fcr Ihre erholsamen Ferien mieten um fernab vom Touristenrummel\u00a0 Ruhe [&hellip;]<\/p>\n","protected":false},"author":1,"featured_media":0,"parent":0,"menu_order":1,"comment_status":"open","ping_status":"open","template":"","meta":{"footnotes":""},"class_list":["post-12","page","type-page","status-publish","hentry"],"_links":{"self":[{"href":"https:\/\/hotel-cuntera.ch\/de\/wp-json\/wp\/v2\/pages\/12"}],"collection":[{"href":"https:\/\/hotel-cuntera.ch\/de\/wp-json\/wp\/v2\/pages"}],"about":[{"href":"https:\/\/hotel-cuntera.ch\/de\/wp-json\/wp\/v2\/types\/page"}],"author":[{"embeddable":true,"href":"https:\/\/hotel-cuntera.ch\/de\/wp-json\/wp\/v2\/users\/1"}],"replies":[{"embeddable":true,"href":"https:\/\/hotel-cuntera.ch\/de\/wp-json\/wp\/v2\/comments?post=12"}],"version-history":[{"count":10,"href":"https:\/\/hotel-cuntera.ch\/de\/wp-json\/wp\/v2\/pages\/12\/revisions"}],"predecessor-version":[{"id":654,"href":"https:\/\/hotel-cuntera.ch\/de\/wp-json\/wp\/v2\/pages\/12\/revisions\/654"}],"wp:attachment":[{"href":"https:\/\/hotel-cuntera.ch\/de\/wp-json\/wp\/v2\/media?parent=12"}],"curies":[{"name":"wp","href":"https:\/\/api.w.org\/{rel}","templated":true}]}}